{"id":251,"date":"2021-03-29T20:22:05","date_gmt":"2021-03-29T20:22:05","guid":{"rendered":"https:\/\/dev.pomona.pl\/?page_id=251"},"modified":"2022-08-17T07:27:09","modified_gmt":"2022-08-17T07:27:09","slug":"absorbery-do-pakowania-swiezej-zywnosci","status":"publish","type":"page","link":"https:\/\/dev.pomona.pl\/pl\/produkty\/absorbery-do-pakowania-swiezej-zywnosci\/","title":{"rendered":"Absorbery do pakowania \u015bwie\u017cej \u017cywno\u015bci"},"content":{"rendered":"","protected":false},"excerpt":{"rendered":"","protected":false},"author":1,"featured_media":0,"parent":228,"menu_order":0,"comment_status":"closed","ping_status":"closed","template":"","meta":{"footnotes":""},"class_list":["post-251","page","type-page","status-publish","hentry"],"_links":{"self":[{"href":"https:\/\/dev.pomona.pl\/pl\/wp-json\/wp\/v2\/pages\/251","targetHints":{"allow":["GET"]}}],"collection":[{"href":"https:\/\/dev.pomona.pl\/pl\/wp-json\/wp\/v2\/pages"}],"about":[{"href":"https:\/\/dev.pomona.pl\/pl\/wp-json\/wp\/v2\/types\/page"}],"author":[{"embeddable":true,"href":"https:\/\/dev.pomona.pl\/pl\/wp-json\/wp\/v2\/users\/1"}],"replies":[{"embeddable":true,"href":"https:\/\/dev.pomona.pl\/pl\/wp-json\/wp\/v2\/comments?post=251"}],"version-history":[{"count":2,"href":"https:\/\/dev.pomona.pl\/pl\/wp-json\/wp\/v2\/pages\/251\/revisions"}],"predecessor-version":[{"id":590,"href":"https:\/\/dev.pomona.pl\/pl\/wp-json\/wp\/v2\/pages\/251\/revisions\/590"}],"up":[{"embeddable":true,"href":"https:\/\/dev.pomona.pl\/pl\/wp-json\/wp\/v2\/pages\/228"}],"wp:attachment":[{"href":"https:\/\/dev.pomona.pl\/pl\/wp-json\/wp\/v2\/media?parent=251"}],"curies":[{"name":"wp","href":"https:\/\/api.w.org\/{rel}","templated":true}]}}